{"id":2,"date":"2013-10-02T11:53:55","date_gmt":"2013-10-02T11:53:55","guid":{"rendered":"http:\/\/www.frigg-cup.no\/?page_id=2"},"modified":"2025-10-07T13:21:00","modified_gmt":"2025-10-07T13:21:00","slug":"about","status":"publish","type":"page","link":"https:\/\/www.frigg-cup.no\/","title":{"rendered":"Om Frigg cup"},"content":{"rendered":"\n<p><strong>Les mer om Friggs cuper her<\/strong><\/p>\n\n\n<div class=\"wp-block-image\">\n<figure class=\"aligncenter is-resized\"><a href=\"https:\/\/friggbandy.cups.nu\/\"><img loading=\"lazy\" decoding=\"async\" width=\"898\" height=\"312\" src=\"http:\/\/www.frigg-cup.no\/wp-content\/uploads\/2022\/10\/BandyCup.png\" alt=\"\" class=\"wp-image-836\" style=\"width:898px;height:auto\" srcset=\"https:\/\/www.frigg-cup.no\/wp-content\/uploads\/2022\/10\/BandyCup.png 898w, https:\/\/www.frigg-cup.no\/wp-content\/uploads\/2022\/10\/BandyCup-300x104.png 300w, https:\/\/www.frigg-cup.no\/wp-content\/uploads\/2022\/10\/BandyCup-768x267.png 768w\" sizes=\"(max-width: 898px) 100vw, 898px\" \/><\/a><\/figure><\/div>\n\n\n<p class=\"has-text-align-center\"><a href=\"https:\/\/friggbandy.cups.nu\/\">Velkommen til bandycup p\u00e5 Frogner<\/a><\/p>\n\n\n\n<p class=\"has-text-align-center\"><a href=\"https:\/\/friggcuphost.cups.nu\/\">Velkommen til h\u00f8stcup fotball for gutter og jenter<\/a><\/p>\n\n\n\n<p class=\"has-text-align-center\"><a href=\"https:\/\/frigg9ercup.cups.nu\/\">Velkommen til 9er-cup fotball for gutter 11-13 \u00e5r<\/a><\/p>\n\n\n<div class=\"wp-block-image\">\n<figure class=\"aligncenter size-full\"><a href=\"https:\/\/friggcuphost.cups.nu\/\"><img loading=\"lazy\" decoding=\"async\" width=\"800\" height=\"504\" src=\"http:\/\/www.frigg-cup.no\/wp-content\/uploads\/2024\/09\/FC24.jpg\" alt=\"\" class=\"wp-image-840\" srcset=\"https:\/\/www.frigg-cup.no\/wp-content\/uploads\/2024\/09\/FC24.jpg 800w, https:\/\/www.frigg-cup.no\/wp-content\/uploads\/2024\/09\/FC24-300x189.jpg 300w, https:\/\/www.frigg-cup.no\/wp-content\/uploads\/2024\/09\/FC24-768x484.jpg 768w\" sizes=\"(max-width: 800px) 100vw, 800px\" \/><\/a><\/figure><\/div>\n\n\n<p class=\"has-text-align-center\"><\/p>\n","protected":false},"excerpt":{"rendered":"<p>Les mer om Friggs cuper her Velkommen til bandycup p\u00e5 Frogner Velkommen til h\u00f8stcup fotball for gutter og jenter Velkommen til 9er-cup fotball for gutter 11-13 \u00e5r<\/p>\n","protected":false},"author":1,"featured_media":549,"parent":0,"menu_order":0,"comment_status":"open","ping_status":"open","template":"","meta":{"footnotes":""},"class_list":["post-2","page","type-page","status-publish","has-post-thumbnail","czr-hentry"],"_links":{"self":[{"href":"https:\/\/www.frigg-cup.no\/index.php?rest_route=\/wp\/v2\/pages\/2"}],"collection":[{"href":"https:\/\/www.frigg-cup.no\/index.php?rest_route=\/wp\/v2\/pages"}],"about":[{"href":"https:\/\/www.frigg-cup.no\/index.php?rest_route=\/wp\/v2\/types\/page"}],"author":[{"embeddable":true,"href":"https:\/\/www.frigg-cup.no\/index.php?rest_route=\/wp\/v2\/users\/1"}],"replies":[{"embeddable":true,"href":"https:\/\/www.frigg-cup.no\/index.php?rest_route=%2Fwp%2Fv2%2Fcomments&post=2"}],"version-history":[{"count":65,"href":"https:\/\/www.frigg-cup.no\/index.php?rest_route=\/wp\/v2\/pages\/2\/revisions"}],"predecessor-version":[{"id":845,"href":"https:\/\/www.frigg-cup.no\/index.php?rest_route=\/wp\/v2\/pages\/2\/revisions\/845"}],"wp:featuredmedia":[{"embeddable":true,"href":"https:\/\/www.frigg-cup.no\/index.php?rest_route=\/wp\/v2\/media\/549"}],"wp:attachment":[{"href":"https:\/\/www.frigg-cup.no\/index.php?rest_route=%2Fwp%2Fv2%2Fmedia&parent=2"}],"curies":[{"name":"wp","href":"https:\/\/api.w.org\/{rel}","templated":true}]}}